{"id":2432,"date":"2021-05-10T16:21:13","date_gmt":"2021-05-10T14:21:13","guid":{"rendered":"http:\/\/risikodi.goeasttest.cloud\/?page_id=2432"},"modified":"2021-05-18T12:13:51","modified_gmt":"2021-05-18T10:13:51","slug":"notre-approche","status":"publish","type":"page","link":"https:\/\/www.risiko-dialog.ch\/fr\/notre-approche\/","title":{"rendered":"Notre Approche"},"content":{"rendered":"<h6><em>Die Stiftung Risiko-Dialog verfolgt als unabh\u00e4ngige Plattform das Ziel, innovative und tragf\u00e4hige L\u00f6sungen und Rahmenbedingungen zu entwickeln, um technologische Neuerungen, Ver\u00e4nderungen in der Umwelt und gesellschaftlichen Wandel zu verstehen und den Umgang damit partizipativ zu gestalten.<\/em><\/h6>\n<h6><\/h6>\n<p>&nbsp;<\/p>\n<p><em>Wirkung erzielt die Stiftung Risiko-Dialog dabei auf zwei Ebenen:<\/em><\/p>\n<ul>\n<li><em>Auf einer strategischen <strong>Policy-Ebene<\/strong>, in der Mitgestaltung von Rahmenbedingungen und der Vernetzung von Stakeholdern und ExpertInnen (als gesellschaftlich orientierter Think-Do-Tank)<\/em><\/li>\n<li><em>Auf einer individuellen oder organisationalen Ebene, in der konkreten Probleml\u00f6sung mit Interessensgruppen und der Bev\u00f6lkerung vor Ort (<strong>B\u00fcrgerdialog-Plattform<\/strong>, Informationsvermittlerin)<\/em><\/li>\n<\/ul>\n<p>&nbsp;<\/p>\n<p>&nbsp;<\/p>\n<h6><em>Produkte und Dienstleistungen &#8211; was bieten wir an?<\/em><\/h6>\n<p>&nbsp;<\/p>\n<p><em><strong>Analysen und Studien<\/strong>: Fr\u00fchzeitiges Erkennen und Analysieren von gesellschaftlichen und technologischen Entwicklungen mit Fokus auf das Verstehen von gesellschaftlichen Bed\u00fcrfnissen in Ver\u00e4nderungsprozessen.<\/em><\/p>\n<ol>\n<li><em>Studien zu Chancen- und Gefahrenwahrnehmung sowie Gestaltungsbedarf aus Sicht der Bev\u00f6lkerung (Bsp. DigitalBarometer, Risikoverhalten Gen Y)<\/em><\/li>\n<li><em>Untersuchungen zu Risikoverhalten gerade bei gesellschaftlichen Entwicklungen und neuen Technologien (z.B. Arbeitssicherheit und Nudging)<\/em><\/li>\n<li><em>Analysen von Stakeholdergruppen, Kommunikationsmustern und Medienlogiken (z.B. Geothermiedebatte in der Schweiz)<\/em><\/li>\n<\/ol>\n<p>&nbsp;<\/p>\n<p><em><strong>Partizipative B\u00fcrger- und Stakeholderprozesse<\/strong>: Gemeinsames Entwickeln von akzeptablen L\u00f6sungen unter Einbindung aller wichtigen Gruppen\/Menschen<\/em><\/p>\n<ol>\n<li><em>B\u00fcrgerdialoge mit Klein- und Grossgruppenformaten (z.B. zu KI, zur tiefen Geothermie in der Region Mainz, Genf, Basel und St.Gallen; Begleitung Windprojekte wie LinthWind; Konzeption und Durchf\u00fchrung von Klimadialogen und eines Klimapreises; Dialog zu einem Sicherheitslabor)<\/em><\/li>\n<li><em>Multi-Stakeholderdialoge mit abgeleiteten Handlungsempfehlungen (z.B. zu Grundlagen und Policy Climate Engineering, divergierende Risikobewertung Mobilfunk und Gesundheit, Rolle der Assekuranz in der Energiezukunft etc.)<\/em><\/li>\n<li><em>Reallabore, B\u00fcrgerforen und weitere Beteiligungsformate (z.B. Windprojekt LinthWind)<\/em><\/li>\n<\/ol>\n<p>&nbsp;<\/p>\n<p><em><strong>Beratung und Evaluation<\/strong>: Bef\u00e4higung von Organisationen, den Umgang mit gesellschaftlichen sowie organisationsinternen Risiken und die entsprechende Kommunikation Stakeholder-gerecht zu gestalten (Social Licence to Operate, Akzeptabilit\u00e4t)<\/em><\/p>\n<ol>\n<li><em>L\u00f6sungsentwicklung zur Kommunikation und dem Dialog zu Technologien, Risiken und dem Umgang mit gesellschaftlichen Ver\u00e4nderungen (z.B. Radon-Messungen und Sanierungen, Suffizienz-Initiativen unterst\u00fctzen, Risikokommunikation Sicherheitslabor etc.)<\/em><\/li>\n<li><em>Evaluationen und Umsetzungsunterst\u00fctzung von Sicherheitssystemen und partizipativen Prozessen (z.B. Evaluation KOVE, Markt\u00fcberwachung Gefahrgutumschliessung, Participatory Budgeting, Umsetzung Bundesstab Bev\u00f6lkerungsschutz)<\/em><\/li>\n<li><em>Unterst\u00fctzung beim Gestalten einer ad\u00e4quaten Sicherheitskultur in Organisationen (z.B. Sicherheitskultur ewz: Analyse, L\u00f6sungsentwicklung und Training)<\/em><\/li>\n<li><em>Begleitung und L\u00f6sungsfindung in kommunikativen Konflikten zwischen Interessensgruppen (z.B. beim Umgang mit externen Stakeholdern in umstrittenen Risiko-Entscheidungen)<\/em><\/li>\n<\/ol>\n<p>&nbsp;<\/p>\n<p><em><strong>Information, Ausbildung und Moderation<\/strong>: Bef\u00e4higen des Einzelnen, von Organisationen und der Gesellschaft, durch Information, Dialog und Moderation von komplexen Themenveranstaltungen, kompetent mit Ver\u00e4nderungsprozessen umzugehen.<\/em><\/p>\n<ol>\n<li><em>Ausbildungen zu Risikowahrnehmungen, -kommunikation, Verhalten und Partizipation<\/em><\/li>\n<li><em>Konzeption und Moderation von Aus- und Weiterbildungen sowie Veranstaltungen<\/em><\/li>\n<li><em>Informations- und Dialogplattformen entwickeln und betreiben (z.B. <a href=\"http:\/\/www.apropos.swiss\">apropos.swiss<\/a>)<\/em><\/li>\n<li><em>Fachbeitr\u00e4ge und Publikationen verfassen<\/em><\/li>\n<\/ol>\n<p>&nbsp;<\/p>\n","protected":false},"excerpt":{"rendered":"<p>Die Stiftung Risiko-Dialog verfolgt als unabh\u00e4ngige Plattform das Ziel, innovative und tragf\u00e4hige L\u00f6sungen und Rahmenbedingungen zu entwickeln, um technologische Neuerungen, [&hellip;]<\/p>\n","protected":false},"author":2,"featured_media":0,"parent":0,"menu_order":0,"comment_status":"closed","ping_status":"closed","template":"single-page.php","meta":{"footnotes":""},"categories":[],"tags":[],"class_list":["post-2432","page","type-page","status-publish","hentry"],"_links":{"self":[{"href":"https:\/\/www.risiko-dialog.ch\/fr\/wp-json\/wp\/v2\/pages\/2432","targetHints":{"allow":["GET"]}}],"collection":[{"href":"https:\/\/www.risiko-dialog.ch\/fr\/wp-json\/wp\/v2\/pages"}],"about":[{"href":"https:\/\/www.risiko-dialog.ch\/fr\/wp-json\/wp\/v2\/types\/page"}],"author":[{"embeddable":true,"href":"https:\/\/www.risiko-dialog.ch\/fr\/wp-json\/wp\/v2\/users\/2"}],"replies":[{"embeddable":true,"href":"https:\/\/www.risiko-dialog.ch\/fr\/wp-json\/wp\/v2\/comments?post=2432"}],"version-history":[{"count":2,"href":"https:\/\/www.risiko-dialog.ch\/fr\/wp-json\/wp\/v2\/pages\/2432\/revisions"}],"predecessor-version":[{"id":2434,"href":"https:\/\/www.risiko-dialog.ch\/fr\/wp-json\/wp\/v2\/pages\/2432\/revisions\/2434"}],"wp:attachment":[{"href":"https:\/\/www.risiko-dialog.ch\/fr\/wp-json\/wp\/v2\/media?parent=2432"}],"wp:term":[{"taxonomy":"category","embeddable":true,"href":"https:\/\/www.risiko-dialog.ch\/fr\/wp-json\/wp\/v2\/categories?post=2432"},{"taxonomy":"post_tag","embeddable":true,"href":"https:\/\/www.risiko-dialog.ch\/fr\/wp-json\/wp\/v2\/tags?post=2432"}],"curies":[{"name":"wp","href":"https:\/\/api.w.org\/{rel}","templated":true}]}}