{"id":2423,"date":"2022-02-23T11:54:54","date_gmt":"2022-02-23T10:54:54","guid":{"rendered":"http:\/\/risikodi.goeasttest.cloud\/?page_id=2423"},"modified":"2022-03-04T11:26:50","modified_gmt":"2022-03-04T10:26:50","slug":"newsletter","status":"publish","type":"page","link":"https:\/\/www.risiko-dialog.ch\/fr\/newsletter\/","title":{"rendered":"Newsletter"},"content":{"rendered":"<p><!--\n&nbsp;\n\nUnser neues Newsletter-Formular wird in K\u00fcrze aufgeschaltet.\n\n&nbsp;\n\nUm sich f\u00fcr den Newsletter anzumelden, bitten wir Sie vor\u00fcbergehend eine <strong>E-Mail mit Vermerk \u00abNewsletter-Anmeldung\u00bb<\/strong> und Ihrem Namen an <a href=\"mailto:info@risiko-dialog.ch\" target=\"_blank\" rel=\"noopener noreferrer\">info@risiko-dialog.ch<\/a> zu senden.\n\nHerzlichen Dank!\n\n&nbsp;\n\n&nbsp;\n--><\/p>\n<p><!-- Begin Mailchimp Signup Form --><\/p>\n<div id=\"mc_embed_signup\">\n<p>En cliquant sur \u00ab\u00a0S&rsquo;abonner\u00a0\u00bb, vous acceptez le traitement et l&rsquo;enregistrement de vos donn\u00e9es \u00e0 des fins d&rsquo;envoi de la newsletter. Pour en savoir plus, consultez notre d\u00e9claration de <a href=\"https:\/\/www.risiko-dialog.ch\/fr\/protection-des-donnees\/\">protection des donn\u00e9es<\/a>.<\/p>\n<form id=\"mc-embedded-subscribe-form\" class=\"validate\" action=\"https:\/\/risiko-dialog.us20.list-manage.com\/subscribe\/post?u=deeea46b4597caa6f1c4428ad&amp;id=d06be3faef\" method=\"post\" name=\"mc-embedded-subscribe-form\" novalidate=\"\" target=\"_blank\">\n<div id=\"mc_embed_signup_scroll\">\n<p><input id=\"mce-EMAIL\" class=\"email\" name=\"EMAIL\" required=\"\" type=\"email\" value=\"\" placeholder=\"Email\" \/><br \/>\n<!-- real people should not fill this in and expect good things - do not remove this or risk form bot signups--><\/p>\n<div style=\"position: absolute; left: -5000px;\" aria-hidden=\"true\"><input tabindex=\"-1\" name=\"b_deeea46b4597caa6f1c4428ad_d06be3faef\" type=\"text\" value=\"\" \/><\/div>\n<div class=\"clear\"><input id=\"mc-embedded-subscribe\" class=\"button\" name=\"subscribe\" type=\"submit\" value=\"S'abonner \u00e0 la newsletter\" \/><\/div>\n<\/div>\n<\/form>\n<\/div>\n<p><!--End mc_embed_signup--><\/p>\n","protected":false},"excerpt":{"rendered":"<p>En cliquant sur \u00ab\u00a0S&rsquo;abonner\u00a0\u00bb, vous acceptez le traitement et l&rsquo;enregistrement de vos donn\u00e9es \u00e0 des fins d&rsquo;envoi de la newsletter. [&hellip;]<\/p>\n","protected":false},"author":2,"featured_media":579,"parent":0,"menu_order":0,"comment_status":"closed","ping_status":"closed","template":"single-page.php","meta":{"footnotes":""},"categories":[],"tags":[],"class_list":["post-2423","page","type-page","status-publish","has-post-thumbnail","hentry"],"_links":{"self":[{"href":"https:\/\/www.risiko-dialog.ch\/fr\/wp-json\/wp\/v2\/pages\/2423","targetHints":{"allow":["GET"]}}],"collection":[{"href":"https:\/\/www.risiko-dialog.ch\/fr\/wp-json\/wp\/v2\/pages"}],"about":[{"href":"https:\/\/www.risiko-dialog.ch\/fr\/wp-json\/wp\/v2\/types\/page"}],"author":[{"embeddable":true,"href":"https:\/\/www.risiko-dialog.ch\/fr\/wp-json\/wp\/v2\/users\/2"}],"replies":[{"embeddable":true,"href":"https:\/\/www.risiko-dialog.ch\/fr\/wp-json\/wp\/v2\/comments?post=2423"}],"version-history":[{"count":4,"href":"https:\/\/www.risiko-dialog.ch\/fr\/wp-json\/wp\/v2\/pages\/2423\/revisions"}],"predecessor-version":[{"id":3169,"href":"https:\/\/www.risiko-dialog.ch\/fr\/wp-json\/wp\/v2\/pages\/2423\/revisions\/3169"}],"wp:featuredmedia":[{"embeddable":true,"href":"https:\/\/www.risiko-dialog.ch\/fr\/wp-json\/wp\/v2\/media\/579"}],"wp:attachment":[{"href":"https:\/\/www.risiko-dialog.ch\/fr\/wp-json\/wp\/v2\/media?parent=2423"}],"wp:term":[{"taxonomy":"category","embeddable":true,"href":"https:\/\/www.risiko-dialog.ch\/fr\/wp-json\/wp\/v2\/categories?post=2423"},{"taxonomy":"post_tag","embeddable":true,"href":"https:\/\/www.risiko-dialog.ch\/fr\/wp-json\/wp\/v2\/tags?post=2423"}],"curies":[{"name":"wp","href":"https:\/\/api.w.org\/{rel}","templated":true}]}}