{"id":2407,"date":"2021-05-19T09:13:50","date_gmt":"2021-05-19T07:13:50","guid":{"rendered":"http:\/\/risikodi.goeasttest.cloud\/?page_id=2407"},"modified":"2021-05-19T09:54:31","modified_gmt":"2021-05-19T07:54:31","slug":"annual-reviews","status":"publish","type":"page","link":"https:\/\/www.risiko-dialog.ch\/fr\/annual-reviews\/","title":{"rendered":"Rapports annuels"},"content":{"rendered":"<p>Retrouvez en t\u00e9l\u00e9chargement ci-dessous les rapports d&rsquo;activit\u00e9 annuels (allemands):<\/p>\n<p><em><a href=\"https:\/\/www.risiko-dialog.ch\/wp-content\/uploads\/2020\/03\/Jahresrueckblick_2019_Stiftung_Risiko_Dialog.pdf\">Rapport annuel 2019<\/a><\/em><\/p>\n<p><em><a href=\"https:\/\/www.risiko-dialog.ch\/wp-content\/uploads\/2019\/12\/Jahresrueckblick_2018_Stiftung_Risiko_Dialog.pdf\" target=\"_blank\" rel=\"noopener noreferrer\">Rapport annuel 2018<\/a><\/em><\/p>\n<p><em><a href=\"https:\/\/www.risiko-dialog.ch\/wp-content\/uploads\/2019\/09\/Jahresrueckblick_2017.pdf\" target=\"_blank\" rel=\"noopener\">Rapport annuel 2017<\/a><\/em><\/p>\n<p><em><a href=\"https:\/\/www.risiko-dialog.ch\/wp-content\/uploads\/2019\/09\/Jahresrueckblick_2016.pdf\" target=\"_blank\" rel=\"noopener\">Rapport annuel 2016<\/a><\/em><\/p>\n<p><em><a href=\"https:\/\/www.risiko-dialog.ch\/wp-content\/uploads\/2019\/09\/Jahresrueckblick_2015.pdf\" target=\"_blank\" rel=\"noopener noreferrer\">Rapport annuel 2015<\/a><\/em><\/p>\n<p><em><a href=\"https:\/\/www.risiko-dialog.ch\/wp-content\/uploads\/2019\/09\/Jahresrueckblick_2014.pdf\" target=\"_blank\" rel=\"noopener noreferrer\">Rapport annuel 2014<\/a><\/em><\/p>\n<p><em><a href=\"https:\/\/www.risiko-dialog.ch\/wp-content\/uploads\/2019\/09\/Jahresrueckblick_2013.pdf\" target=\"_blank\" rel=\"noopener noreferrer\">Rapport annuel 2013<\/a><\/em><\/p>\n<p><em><a href=\"https:\/\/www.risiko-dialog.ch\/wp-content\/uploads\/2019\/09\/Jahresrueckblick_2012.pdf\" target=\"_blank\" rel=\"noopener noreferrer\">Rapport annuel 2012<\/a><\/em><\/p>\n<p><em><a href=\"https:\/\/www.risiko-dialog.ch\/wp-content\/uploads\/2019\/09\/Jahresrueckblick_2011.pdf\" target=\"_blank\" rel=\"noopener noreferrer\">Rapport annuel 2011<\/a><\/em><\/p>\n<p><em><a href=\"https:\/\/www.risiko-dialog.ch\/wp-content\/uploads\/2019\/09\/Jahresrueckblick_2010.pdf\" target=\"_blank\" rel=\"noopener noreferrer\">Rapport annuel 2010<\/a><\/em><\/p>\n","protected":false},"excerpt":{"rendered":"<p>Retrouvez en t\u00e9l\u00e9chargement ci-dessous les rapports d&rsquo;activit\u00e9 annuels (allemands): Rapport annuel 2019 Rapport annuel 2018 Rapport annuel 2017 Rapport annuel [&hellip;]<\/p>\n","protected":false},"author":2,"featured_media":617,"parent":0,"menu_order":0,"comment_status":"closed","ping_status":"closed","template":"single-page.php","meta":{"footnotes":""},"categories":[],"tags":[],"class_list":["post-2407","page","type-page","status-publish","has-post-thumbnail","hentry"],"_links":{"self":[{"href":"https:\/\/www.risiko-dialog.ch\/fr\/wp-json\/wp\/v2\/pages\/2407","targetHints":{"allow":["GET"]}}],"collection":[{"href":"https:\/\/www.risiko-dialog.ch\/fr\/wp-json\/wp\/v2\/pages"}],"about":[{"href":"https:\/\/www.risiko-dialog.ch\/fr\/wp-json\/wp\/v2\/types\/page"}],"author":[{"embeddable":true,"href":"https:\/\/www.risiko-dialog.ch\/fr\/wp-json\/wp\/v2\/users\/2"}],"replies":[{"embeddable":true,"href":"https:\/\/www.risiko-dialog.ch\/fr\/wp-json\/wp\/v2\/comments?post=2407"}],"version-history":[{"count":7,"href":"https:\/\/www.risiko-dialog.ch\/fr\/wp-json\/wp\/v2\/pages\/2407\/revisions"}],"predecessor-version":[{"id":2528,"href":"https:\/\/www.risiko-dialog.ch\/fr\/wp-json\/wp\/v2\/pages\/2407\/revisions\/2528"}],"wp:featuredmedia":[{"embeddable":true,"href":"https:\/\/www.risiko-dialog.ch\/fr\/wp-json\/wp\/v2\/media\/617"}],"wp:attachment":[{"href":"https:\/\/www.risiko-dialog.ch\/fr\/wp-json\/wp\/v2\/media?parent=2407"}],"wp:term":[{"taxonomy":"category","embeddable":true,"href":"https:\/\/www.risiko-dialog.ch\/fr\/wp-json\/wp\/v2\/categories?post=2407"},{"taxonomy":"post_tag","embeddable":true,"href":"https:\/\/www.risiko-dialog.ch\/fr\/wp-json\/wp\/v2\/tags?post=2407"}],"curies":[{"name":"wp","href":"https:\/\/api.w.org\/{rel}","templated":true}]}}