{"id":2397,"date":"2021-05-10T15:59:53","date_gmt":"2021-05-10T13:59:53","guid":{"rendered":"http:\/\/risikodi.goeasttest.cloud\/?page_id=2397"},"modified":"2021-12-31T18:48:49","modified_gmt":"2021-12-31T17:48:49","slug":"la-fondation","status":"publish","type":"page","link":"https:\/\/www.risiko-dialog.ch\/fr\/la-fondation\/","title":{"rendered":"La Fondation"},"content":{"rendered":"<h6><strong>Vision <\/strong><\/h6>\n<p>Chacun peut \u00e9valuer les nouveaux d\u00e9veloppements sociaux et technologiques pour lui-m\u00eame et pour la soci\u00e9t\u00e9 (ou sait \u00e0 qui s&rsquo;adresser), s&rsquo;informer et s&rsquo;impliquer (ou se faire repr\u00e9senter), participer \u00e0 l&rsquo;\u00e9laboration de nouvelles solutions et d\u00e9cider de sa \/ son utilisation personnelle. Ainsi, la soci\u00e9t\u00e9 trouve toujours des solutions innovantes, viables et durables pour faire face aux d\u00e9fis actuels et futurs.<\/p>\n<p>&nbsp;<\/p>\n<h6><strong>Valeurs &#8211; Qu&rsquo;est-ce qui est important pour nous ?<\/strong><\/h6>\n<ul>\n<li>orient\u00e9 vers la soci\u00e9t\u00e9 et responsable<\/li>\n<li>ind\u00e9pendant, impartial et transparent<\/li>\n<li>scientifiquement fond\u00e9<\/li>\n<li>innovant et ax\u00e9 sur l&rsquo;efficacit\u00e9<\/li>\n<\/ul>\n","protected":false},"excerpt":{"rendered":"<p>Vision Chacun peut \u00e9valuer les nouveaux d\u00e9veloppements sociaux et technologiques pour lui-m\u00eame et pour la soci\u00e9t\u00e9 (ou sait \u00e0 qui [&hellip;]<\/p>\n","protected":false},"author":2,"featured_media":5883,"parent":0,"menu_order":0,"comment_status":"closed","ping_status":"closed","template":"single-page.php","meta":{"footnotes":""},"categories":[],"tags":[],"class_list":["post-2397","page","type-page","status-publish","has-post-thumbnail","hentry"],"_links":{"self":[{"href":"https:\/\/www.risiko-dialog.ch\/fr\/wp-json\/wp\/v2\/pages\/2397","targetHints":{"allow":["GET"]}}],"collection":[{"href":"https:\/\/www.risiko-dialog.ch\/fr\/wp-json\/wp\/v2\/pages"}],"about":[{"href":"https:\/\/www.risiko-dialog.ch\/fr\/wp-json\/wp\/v2\/types\/page"}],"author":[{"embeddable":true,"href":"https:\/\/www.risiko-dialog.ch\/fr\/wp-json\/wp\/v2\/users\/2"}],"replies":[{"embeddable":true,"href":"https:\/\/www.risiko-dialog.ch\/fr\/wp-json\/wp\/v2\/comments?post=2397"}],"version-history":[{"count":3,"href":"https:\/\/www.risiko-dialog.ch\/fr\/wp-json\/wp\/v2\/pages\/2397\/revisions"}],"predecessor-version":[{"id":2931,"href":"https:\/\/www.risiko-dialog.ch\/fr\/wp-json\/wp\/v2\/pages\/2397\/revisions\/2931"}],"wp:featuredmedia":[{"embeddable":true,"href":"https:\/\/www.risiko-dialog.ch\/fr\/wp-json\/wp\/v2\/media\/5883"}],"wp:attachment":[{"href":"https:\/\/www.risiko-dialog.ch\/fr\/wp-json\/wp\/v2\/media?parent=2397"}],"wp:term":[{"taxonomy":"category","embeddable":true,"href":"https:\/\/www.risiko-dialog.ch\/fr\/wp-json\/wp\/v2\/categories?post=2397"},{"taxonomy":"post_tag","embeddable":true,"href":"https:\/\/www.risiko-dialog.ch\/fr\/wp-json\/wp\/v2\/tags?post=2397"}],"curies":[{"name":"wp","href":"https:\/\/api.w.org\/{rel}","templated":true}]}}