{"id":2415,"date":"2021-05-19T14:45:16","date_gmt":"2021-05-19T12:45:16","guid":{"rendered":"http:\/\/risikodi.goeasttest.cloud\/?page_id=2415"},"modified":"2021-12-31T18:42:40","modified_gmt":"2021-12-31T17:42:40","slug":"network","status":"publish","type":"page","link":"https:\/\/www.risiko-dialog.ch\/en\/network\/","title":{"rendered":"Network"},"content":{"rendered":"<p>The Risk Dialogue Foundation cultivates long-standing contact with companies, public authorities, insurance companies, scientific associations, NGOs and other foundations. Here you will find a list of partners in our network.<\/p>\n<ul>\n<li><a href=\"http:\/\/www.aue.bs.ch\/\" target=\"_blank\" rel=\"noopener noreferrer\">Amt f\u00fcr Umwelt und Energie Kanton Basel-Stadt AUE <\/a><\/li>\n<li><a href=\"http:\/\/www.scnat.ch\/\" target=\"_blank\" rel=\"noopener noreferrer\">Akademie der Naturwissenschaften Schweiz SCNAT<\/a><\/li>\n<li><a href=\"http:\/\/www.alimentana.ch\/Alimentana\/de\/Portrait.html\" target=\"_blank\" rel=\"noopener noreferrer\">Alimentana Sista Holding<\/a><\/li>\n<li><a href=\"http:\/\/www.aefu.ch\/\" target=\"_blank\" rel=\"noopener noreferrer\">\u00c4rztinnen und \u00c4rzte f\u00fcr Umweltschutz AefU<\/a><\/li>\n<li><a href=\"http:\/\/www.axpo.ch\/\" target=\"_blank\" rel=\"noopener noreferrer\">Axpo Gruppe<\/a><\/li>\n<li><a href=\"https:\/\/www.baloise.ch\">Basler Versicherungen<\/a><\/li>\n<li><a href=\"http:\/\/www.bevoelkerungsschutz.admin.ch\/internet\/bs\/de\/home\/das_babs.html\" target=\"_blank\" rel=\"noopener noreferrer\">Bundesamt f\u00fcr Bev\u00f6lkerungsschutz BABS<\/a><\/li>\n<li><a href=\"http:\/\/www.bafu.admin.ch\/\" target=\"_blank\" rel=\"noopener noreferrer\">Bundesamt f\u00fcr Umwelt BAFU<\/a><\/li>\n<li><a href=\"http:\/\/www.bag.admin.ch\/\" target=\"_blank\" rel=\"noopener noreferrer\">Bundesamt f\u00fcr Gesundheit BAG<\/a><\/li>\n<li><a href=\"http:\/\/www.bakom.admin.ch\/\" target=\"_blank\" rel=\"noopener noreferrer\">Bundesamt f\u00fcr Kommunikation BAKOM<\/a><\/li>\n<li><a href=\"http:\/\/www.bav.admin.ch\/\" target=\"_blank\" rel=\"noopener noreferrer\">Bundesamt f\u00fcr Verkehr BAV<\/a><\/li>\n<li><a href=\"http:\/\/www.bfe.admin.ch\/\" target=\"_blank\" rel=\"noopener noreferrer\">Bundesamt f\u00fcr Energie BFE<\/a><\/li>\n<li><a href=\"http:\/\/www.bvet.admin.ch\/\" target=\"_blank\" rel=\"noopener noreferrer\">Bundesamt f\u00fcr Veterin\u00e4rwesen BVET<\/a><\/li>\n<li><a href=\"http:\/\/www.bfr.bund.de\/\" target=\"_blank\" rel=\"noopener noreferrer\">Bundesinstitut f\u00fcr Risikobewertung BfR, Deutschland<\/a><\/li>\n<li><a href=\"http:\/\/www.basf.ch\/ecp2\/Switzerland\/de\/function\/conversions:\/publish\/content\/News_and_Information_Center\/Press\/Press_releases\/20100304_PI-Fusion-de.pdf\" target=\"_blank\" rel=\"noopener noreferrer\">Ciba AG<\/a><\/li>\n<li><a href=\"http:\/\/www.cisco.com\/web\/CH\/de\/index.html\" target=\"_blank\" rel=\"noopener noreferrer\">Cisco Systems (Schweiz) GmbH<\/a><\/li>\n<li><a href=\"http:\/\/mobiliar.ch\/mobiliar\/live\/index_de.html\" target=\"_blank\" rel=\"noopener noreferrer\">Die Mobiliar &#8211; Versicherungen &amp; Vorsorge<\/a><\/li>\n<li><a href=\"http:\/\/www.empa.ch\/\" target=\"_blank\" rel=\"noopener noreferrer\">Empa<\/a><\/li>\n<li><a href=\"http:\/\/www.empa.ch\/plugin\/template\/empa\/124\/*\/---\/l=1\" target=\"_blank\" rel=\"noopener noreferrer\">Empa &#8211; Abteilung Technologie und Gesellschaft<\/a><\/li>\n<li><a href=\"http:\/\/www.edoeb.admin.ch\/\" target=\"_blank\" rel=\"noopener noreferrer\">Eidgen\u00f6ssischer Datenschutz- und \u00d6ffentlichkeitsbeauftragter (ED\u00d6B)<\/a><\/li>\n<li><a href=\"http:\/\/www.ensi.ch\/\" target=\"_blank\" rel=\"noopener noreferrer\">Eidgen\u00f6ssisches Nuklearsicherheitsinspektorat ENSI<\/a><\/li>\n<li><a href=\"http:\/\/www.egl.ch\/int\/ch\/de\/home.html\" target=\"_blank\" rel=\"noopener noreferrer\">EGL<\/a><\/li>\n<li><a href=\"http:\/\/www.eisberg.com\/\" target=\"_blank\" rel=\"noopener noreferrer\">Eisberg Gruppe<\/a><\/li>\n<li><a href=\"https:\/\/www.ewz.ch\">Elektrizit\u00e4tswerk der Stadt Z\u00fcrich ewz<\/a><\/li>\n<li><a href=\"http:\/\/www.ethz.ch\/\" target=\"_blank\" rel=\"noopener noreferrer\">Eidgen\u00f6ssische Technische Hochschule Z\u00fcrich ETH<\/a><\/li>\n<li><a href=\"http:\/\/www.pc.inf.ethz.ch\/\" target=\"_blank\" rel=\"noopener noreferrer\">Eidgen\u00f6ssische Technische Hochschule Z\u00fcrich &#8211; Institut f\u00fcr Pervasive Computing<\/a><\/li>\n<li><a href=\"http:\/\/www.oat.ethz.ch\/\" target=\"_blank\" rel=\"noopener noreferrer\">Eidgen\u00f6ssische Technische Hochschule Z\u00fcrich &#8211; Forschungsgruppe Organisation &#8211; Arbeit &#8211; Technologie<\/a><\/li>\n<li><a href=\"http:\/\/ec.europa.eu\/index_de.htm\" target=\"_blank\" rel=\"noopener noreferrer\">Europ\u00e4ische Kommission<\/a><\/li>\n<li><a href=\"http:\/\/www.cefic.be\" target=\"_blank\" rel=\"noopener noreferrer\">European Chemical Industry Council Cefic<\/a><\/li>\n<li><a href=\"http:\/\/www.fial.ch\/de\/news\/\" target=\"_blank\" rel=\"noopener noreferrer\">F\u00f6deration der Schweizerischen Nahrungsmittel-Industrien FIAL<\/a><\/li>\n<li><a href=\"http:\/\/www.mobile-research.ethz.ch\/\" target=\"_blank\" rel=\"noopener noreferrer\">Forschungsstiftung Mobilkommunikation<\/a><\/li>\n<li><a href=\"http:\/\/www.econsense.de\/\" target=\"_blank\" rel=\"noopener noreferrer\">Forum Nachhaltige Entwicklung der Deutschen Wirtschaft econsense<\/a><\/li>\n<li><a href=\"http:\/\/www.gdv.de\/\" target=\"_blank\" rel=\"noopener noreferrer\">Gesamtverband der Deutschen Versicherungswirtschaft e.V.<\/a><\/li>\n<li><a href=\"http:\/\/www.haslerstiftung.ch\/\" target=\"_blank\" rel=\"noopener noreferrer\">Hasler Stiftung<\/a><\/li>\n<li><a href=\"http:\/\/www.helvetia.ch\/home.htm\" target=\"_blank\" rel=\"noopener noreferrer\">Helvetia Versicherungen<\/a><\/li>\n<li><a href=\"http:\/\/www.wirtschaft.hessen.de\/\" target=\"_blank\" rel=\"noopener noreferrer\">Hessisches Ministerium f\u00fcr Wirtschaft, Verkehr- und Landesentwicklung<\/a><\/li>\n<li><a href=\"http:\/\/www.ibm.com\/ch\/de\/\" target=\"_blank\" rel=\"noopener noreferrer\">IBM Schweiz<\/a><\/li>\n<li><a href=\"http:\/\/www.ictswitzerland.ch\/\" target=\"_blank\" rel=\"noopener noreferrer\">ICT switzerland<\/a><\/li>\n<li>IG f\u00fcr nachhaltigen Mobilfunk<\/li>\n<li><a href=\"http:\/\/www.regio-stgallen.ch\/contento\/\" target=\"_blank\" rel=\"noopener noreferrer\">IG Standortmarketing Region St. Gallen <\/a><\/li>\n<li><a href=\"http:\/\/www.umwelt-psychologie.ch\/\" target=\"_blank\" rel=\"noopener noreferrer\">Initiative Psychologie im Umweltschutz IPU Schweiz<\/a><\/li>\n<li><a href=\"http:\/\/www.interpharma.ch\/de\/index.asp\" target=\"_blank\" rel=\"noopener noreferrer\">Interpharma<\/a><\/li>\n<li>Inventis AG<\/li>\n<li><a href=\"https:\/\/www.kbs-frb.be\/start.aspx?q=\/\">K\u00f6nig-Baudouin-Stiftung, Br\u00fcssel<\/a><\/li>\n<li><a href=\"http:\/\/www.bs.ch\" target=\"_blank\" rel=\"noopener noreferrer\">Kanton Basel-Stadt<\/a><\/li>\n<li><a href=\"http:\/\/www.aue.bs.ch\" target=\"_blank\" rel=\"noopener noreferrer\">Kanton Basel-Stadt &#8211; Amt f\u00fcr Umwelt und Energie<\/a><\/li>\n<li><a href=\"http:\/\/www.konsum.ch\/\" target=\"_blank\" rel=\"noopener noreferrer\">Konsumentenforum kf<\/a><\/li>\n<li><a href=\"http:\/\/www.labor-spiez.ch\/\" target=\"_blank\" rel=\"noopener noreferrer\">Labor Spiez<\/a><\/li>\n<li><a href=\"http:\/\/www.manor.ch\/de\/index.cfm\" target=\"_blank\" rel=\"noopener noreferrer\">Manor AG<\/a><\/li>\n<li><a href=\"http:\/\/www.maxhavelaar.ch\/\" target=\"_blank\" rel=\"noopener noreferrer\">Max Havelaar-Stiftung (Schweiz)<\/a><\/li>\n<li><a href=\"http:\/\/www.microsoft.com\/de\/ch\/default.aspx\" target=\"_blank\" rel=\"noopener noreferrer\">Microsoft Schweiz GmbH<\/a><\/li>\n<li><a href=\"http:\/\/www.migros.ch\/DE\/home\/Seiten\/Home.aspx\" target=\"_blank\" rel=\"noopener noreferrer\">Migros-Genossenschafts-Bund<\/a><\/li>\n<li><a href=\"http:\/\/www.ncb.ch\/\" target=\"_blank\" rel=\"noopener noreferrer\">Nano-Cluster Bodensee<\/a><\/li>\n<li><a href=\"http:\/\/www.novartis.com\/\" target=\"_blank\" rel=\"noopener noreferrer\">Novartis International AG<\/a><\/li>\n<li><a href=\"http:\/\/www.oeko.de\/aktuelles\/dok\/544.php\" target=\"_blank\" rel=\"noopener noreferrer\">\u00d6ko-Institut e.V., Institut f\u00fcr angewandte \u00d6kologie, Deutschland<\/a><\/li>\n<li><a href=\"http:\/\/www.ecology.at\/\" target=\"_blank\" rel=\"noopener noreferrer\">\u00d6sterreichisches \u00d6kologie Institut<\/a><\/li>\n<\/ul>\n","protected":false},"excerpt":{"rendered":"<p>The Risk Dialogue Foundation cultivates long-standing contact with companies, public authorities, insurance companies, scientific associations, NGOs and other foundations. Here [&hellip;]<\/p>\n","protected":false},"author":2,"featured_media":758,"parent":0,"menu_order":0,"comment_status":"closed","ping_status":"closed","template":"single-page.php","meta":{"footnotes":""},"categories":[],"tags":[],"class_list":["post-2415","page","type-page","status-publish","has-post-thumbnail","hentry"],"_links":{"self":[{"href":"https:\/\/www.risiko-dialog.ch\/en\/wp-json\/wp\/v2\/pages\/2415","targetHints":{"allow":["GET"]}}],"collection":[{"href":"https:\/\/www.risiko-dialog.ch\/en\/wp-json\/wp\/v2\/pages"}],"about":[{"href":"https:\/\/www.risiko-dialog.ch\/en\/wp-json\/wp\/v2\/types\/page"}],"author":[{"embeddable":true,"href":"https:\/\/www.risiko-dialog.ch\/en\/wp-json\/wp\/v2\/users\/2"}],"replies":[{"embeddable":true,"href":"https:\/\/www.risiko-dialog.ch\/en\/wp-json\/wp\/v2\/comments?post=2415"}],"version-history":[{"count":4,"href":"https:\/\/www.risiko-dialog.ch\/en\/wp-json\/wp\/v2\/pages\/2415\/revisions"}],"predecessor-version":[{"id":2925,"href":"https:\/\/www.risiko-dialog.ch\/en\/wp-json\/wp\/v2\/pages\/2415\/revisions\/2925"}],"wp:featuredmedia":[{"embeddable":true,"href":"https:\/\/www.risiko-dialog.ch\/en\/wp-json\/wp\/v2\/media\/758"}],"wp:attachment":[{"href":"https:\/\/www.risiko-dialog.ch\/en\/wp-json\/wp\/v2\/media?parent=2415"}],"wp:term":[{"taxonomy":"category","embeddable":true,"href":"https:\/\/www.risiko-dialog.ch\/en\/wp-json\/wp\/v2\/categories?post=2415"},{"taxonomy":"post_tag","embeddable":true,"href":"https:\/\/www.risiko-dialog.ch\/en\/wp-json\/wp\/v2\/tags?post=2415"}],"curies":[{"name":"wp","href":"https:\/\/api.w.org\/{rel}","templated":true}]}}